{"id":2684,"date":"2021-03-29T13:29:58","date_gmt":"2021-03-29T13:29:58","guid":{"rendered":"https:\/\/drehdichringelspiel.at\/drehdichringelspiel\/?page_id=2684"},"modified":"2025-02-20T14:11:19","modified_gmt":"2025-02-20T14:11:19","slug":"impressum","status":"publish","type":"page","link":"https:\/\/drehdichringelspiel.at\/drehdichringelspiel\/impressum\/","title":{"rendered":"Impressum"},"content":{"rendered":"\n<p>Inhaber der Seite:<br>PARK HRABALEK<\/p>\n\n\n\n<p>Laaer Wald 473, A-1100 Wien<br><a href=\"Telefon: +43 680 121 88 88\">Tel.: +43 (0) 6769362320<\/a><\/p>\n\n\n\n<p>Grafik, Programmierung, Webdesign:<br>Design &amp; Development by LAMONT Musik-Filmverlag &amp; Werbeagentur<\/p>\n\n\n\n<p>E-mail: office@lamontmusik.at<\/p>\n\n\n\n<p>Web: www.lamontmusik.at<\/p>\n\n\n\n<p>Betreiber des Online Shops:<\/p>\n\n\n\n<p>LAMONT Musik im Auftrag von PARK HRABALEK<\/p>\n\n\n\n<p>E-mail: shop@lamontmusik.at<\/p>\n\n\n\n<p>Haftung f\u00fcr Inhalte dieser Webseite ist Park Hrabalek (Inh. Ernst Hrabalek)<\/p>\n\n\n\n<p>LAMONT Musik entwickelt die Inhalte dieser Webseite st\u00e4ndig weiter und bem\u00fcht sich korrekte und aktuelle Informationen bereitzustellen. Leider k\u00f6nnen wir keine Haftung f\u00fcr die Korrektheit aller Inhalte auf dieser Webseite \u00fcbernehmen, speziell f\u00fcr jene die seitens Dritter bereitgestellt wurden.<\/p>\n","protected":false},"excerpt":{"rendered":"<p>Inhaber der Seite:PARK HRABALEK Laaer Wald 473, A-1100 WienTel.: +43 (0) 6769362320 Grafik, Programmierung, Webdesign:Design &amp; Development by LAMONT Musik-Filmverlag &amp; Werbeagentur E-mail: office@lamontmusik.at Web: www.lamontmusik.at Betreiber des Online Shops: LAMONT Musik im Auftrag von PARK HRABALEK E-mail: shop@lamontmusik.at Haftung&hellip;<\/p>\n","protected":false},"author":1,"featured_media":0,"parent":0,"menu_order":0,"comment_status":"closed","ping_status":"closed","template":"","meta":[],"_links":{"self":[{"href":"https:\/\/drehdichringelspiel.at\/drehdichringelspiel\/wp-json\/wp\/v2\/pages\/2684"}],"collection":[{"href":"https:\/\/drehdichringelspiel.at\/drehdichringelspiel\/wp-json\/wp\/v2\/pages"}],"about":[{"href":"https:\/\/drehdichringelspiel.at\/drehdichringelspiel\/wp-json\/wp\/v2\/types\/page"}],"author":[{"embeddable":true,"href":"https:\/\/drehdichringelspiel.at\/drehdichringelspiel\/wp-json\/wp\/v2\/users\/1"}],"replies":[{"embeddable":true,"href":"https:\/\/drehdichringelspiel.at\/drehdichringelspiel\/wp-json\/wp\/v2\/comments?post=2684"}],"version-history":[{"count":4,"href":"https:\/\/drehdichringelspiel.at\/drehdichringelspiel\/wp-json\/wp\/v2\/pages\/2684\/revisions"}],"predecessor-version":[{"id":2871,"href":"https:\/\/drehdichringelspiel.at\/drehdichringelspiel\/wp-json\/wp\/v2\/pages\/2684\/revisions\/2871"}],"wp:attachment":[{"href":"https:\/\/drehdichringelspiel.at\/drehdichringelspiel\/wp-json\/wp\/v2\/media?parent=2684"}],"curies":[{"name":"wp","href":"https:\/\/api.w.org\/{rel}","templated":true}]}}