{"id":2615,"date":"2020-07-13T11:54:48","date_gmt":"2020-07-13T11:54:48","guid":{"rendered":"https:\/\/drehdichringelspiel.at\/drehdichringelspiel\/?page_id=2615"},"modified":"2020-07-13T12:13:54","modified_gmt":"2020-07-13T12:13:54","slug":"videos","status":"publish","type":"page","link":"https:\/\/drehdichringelspiel.at\/drehdichringelspiel\/videos\/","title":{"rendered":"Videos"},"content":{"rendered":"\t\t<div data-elementor-type=\"wp-page\" data-elementor-id=\"2615\" class=\"elementor elementor-2615\">\n\t\t\t\t\t\t\t\t\t<section class=\"elementor-section elementor-top-section elementor-element elementor-element-7198d9bb elementor-section-boxed elementor-section-height-default elementor-section-height-default\" data-id=\"7198d9bb\" data-element_type=\"section\">\n\t\t\t\t\t\t<div class=\"elementor-container elementor-column-gap-extended\">\n\t\t\t\t\t<div class=\"elementor-column elementor-col-100 elementor-top-column elementor-element elementor-element-1140b1c0 sc_inner_width_none sc_layouts_column_icons_position_left\" data-id=\"1140b1c0\" data-element_type=\"column\">\n\t\t\t<div class=\"elementor-widget-wrap elementor-element-populated\">\n\t\t\t\t\t\t\t\t<div class=\"elementor-element elementor-element-5f8621d sc_fly_static elementor-widget elementor-widget-heading\" data-id=\"5f8621d\" data-element_type=\"widget\" data-widget_type=\"heading.default\">\n\t\t\t\t<div class=\"elementor-widget-container\">\n\t\t\t<h2 class=\"elementor-heading-title elementor-size-default\">Rund um dem B\u00f6hmischen Prater ist immer was los!<\/h2>\t\t<\/div>\n\t\t\t\t<\/div>\n\t\t\t\t<div class=\"elementor-element elementor-element-005adad sc_fly_static elementor-widget elementor-widget-spacer\" data-id=\"005adad\" data-element_type=\"widget\" data-widget_type=\"spacer.default\">\n\t\t\t\t<div class=\"elementor-widget-container\">\n\t\t\t\t\t<div class=\"elementor-spacer\">\n\t\t\t<div class=\"elementor-spacer-inner\"><\/div>\n\t\t<\/div>\n\t\t\t\t<\/div>\n\t\t\t\t<\/div>\n\t\t\t\t<div class=\"elementor-element elementor-element-a3b05d8 sc_fly_static elementor-widget elementor-widget-html\" data-id=\"a3b05d8\" data-element_type=\"widget\" data-widget_type=\"html.default\">\n\t\t\t\t<div class=\"elementor-widget-container\">\n\t\t\t<div class=\"BorlabsCookie\"><div class=\"_brlbs-content-blocker\"> <div class=\"_brlbs-embed _brlbs-facebook\"> <img class=\"_brlbs-thumbnail\" src=\"https:\/\/drehdichringelspiel.at\/drehdichringelspiel\/wp-content\/plugins\/borlabs-cookie\/assets\/images\/cb-facebook.png\" alt=\"Facebook\"> <div class=\"_brlbs-caption\"> <p>Mit dem Laden des Beitrags akzeptieren Sie die Datenschutzerkl\u00e4rung von Facebook.<br><a href=\"https:\/\/www.facebook.com\/privacy\/explanation\" target=\"_blank\" rel=\"nofollow noopener noreferrer\">Mehr erfahren<\/a><\/p> <p><a class=\"_brlbs-btn\" href=\"#\" data-borlabs-cookie-unblock role=\"button\">Beitrag laden<\/a><\/p> <p><label><input type=\"checkbox\" name=\"unblockAll\" value=\"1\" checked> <small>Facebook-Beitr\u00e4ge immer entsperren<\/small><\/label><\/p> <\/div> <\/div> <\/div><div class=\"borlabs-hide\" data-borlabs-cookie-type=\"content-blocker\" data-borlabs-cookie-id=\"facebook\"><script type=\"text\/template\">PGlmcmFtZSBzcmM9Imh0dHBzOi8vd3d3LmZhY2Vib29rLmNvbS9wbHVnaW5zL3ZpZGVvLnBocD9ocmVmPWh0dHBzJTNBJTJGJTJGd3d3LmZhY2Vib29rLmNvbSUyRk5vc3RhbGdpYVZpZW5uYSUyRnZpZGVvcyUyRjQwNzc3NzI2NjgwNTEzMSUyRiZzaG93X3RleHQ9MCZ3aWR0aD01NjAiIHdpZHRoPSI1NjAiIGhlaWdodD0iNDIwIiBzdHlsZT0iYm9yZGVyOm5vbmU7b3ZlcmZsb3c6aGlkZGVuIiBzY3JvbGxpbmc9Im5vIiBmcmFtZWJvcmRlcj0iMCIgYWxsb3dUcmFuc3BhcmVuY3k9InRydWUiIGFsbG93RnVsbFNjcmVlbj0idHJ1ZSI+PC9pZnJhbWU+<\/script><\/div><\/div>\t\t<\/div>\n\t\t\t\t<\/div>\n\t\t\t\t<div class=\"elementor-element elementor-element-a9dbad8 sc_fly_static elementor-widget elementor-widget-text-editor\" data-id=\"a9dbad8\" data-element_type=\"widget\" data-widget_type=\"text-editor.default\">\n\t\t\t\t<div class=\"elementor-widget-container\">\n\t\t\t\t\t\t\t<p>Eine Reise zur\u00fcck ins Jahr 1966 in den B\u00f6hmischen Prater mit einem wehm\u00fctig b\u00f6hmakelnden Fritz Muliar als Sprecher<\/p><p>\u00a9 Bayerischer Rundfunk &#8211; Alpha-Retro<br \/><em>Quelle: <a class=\"oajrlxb2 g5ia77u1 qu0x051f esr5mh6w e9989ue4 r7d6kgcz rq0escxv nhd2j8a9 nc684nl6 p7hjln8o kvgmc6g5 cxmmr5t8 oygrvhab hcukyx3x jb3vyjys rz4wbd8a qt6c0cv9 a8nywdso i1ao9s8h esuyzwwr f1sip0of lzcic4wl gmql0nx0 gpro0wi8 lrazzd5p hpfvmrgz\" tabindex=\"0\" role=\"link\" href=\"https:\/\/www.facebook.com\/watch\/NostalgiaVienna\/?__cft__[0]=AZUz35V9F9BlDzF0eQ1bWBDfISx1ZO7bDRWpWH6XCQyTWaeHAbwCJUJrZRw6aUlGiyCF0smfjlbAb-GbYnh-PaqNckTnnFpkS7uI4k3QVtlPwROp12uBHj6QTrJIpcHNvNdobIbLxDd6OorSe6iR1m0HtempZGWf3qC7f8j27l1YdQ\" target=\"_blank\" rel=\"noopener\"><span class=\"oi732d6d ik7dh3pa d2edcug0 qv66sw1b c1et5uql jq4qci2q a3bd9o3v lrazzd5p oo9gr5id a8c37x1j ni8dbmo4 stjgntxs ltmttdrg g0qnabr5\">Nostalgia Vienna<\/span><\/a><\/em><\/p><div class=\"q9uorilb kkf49tns\"><div class=\"b7h9ocf4 art1omkt ms05siws\"><span class=\"pmk7jnqg g0aa4cga q45zohi1\">\u00a0<\/span><\/div><\/div>\t\t\t\t\t\t<\/div>\n\t\t\t\t<\/div>\n\t\t\t\t<div class=\"elementor-element elementor-element-97f8a46 sc_fly_static elementor-widget elementor-widget-spacer\" data-id=\"97f8a46\" data-element_type=\"widget\" data-widget_type=\"spacer.default\">\n\t\t\t\t<div class=\"elementor-widget-container\">\n\t\t\t\t\t<div class=\"elementor-spacer\">\n\t\t\t<div class=\"elementor-spacer-inner\"><\/div>\n\t\t<\/div>\n\t\t\t\t<\/div>\n\t\t\t\t<\/div>\n\t\t\t\t\t<\/div>\n\t\t<\/div>\n\t\t\t\t\t\t\t<\/div>\n\t\t<\/section>\n\t\t\t\t\t\t\t<\/div>\n\t\t","protected":false},"excerpt":{"rendered":"<p>Rund um dem B\u00f6hmischen Prater ist immer was los! Mit dem Laden des Beitrags akzeptieren Sie die Datenschutzerkl\u00e4rung von Facebook.Mehr erfahren Beitrag laden Facebook-Beitr\u00e4ge immer entsperren Eine Reise zur\u00fcck ins Jahr 1966 in den B\u00f6hmischen Prater mit einem wehm\u00fctig b\u00f6hmakelnden&hellip;<\/p>\n","protected":false},"author":1,"featured_media":0,"parent":0,"menu_order":0,"comment_status":"closed","ping_status":"closed","template":"","meta":[],"_links":{"self":[{"href":"https:\/\/drehdichringelspiel.at\/drehdichringelspiel\/wp-json\/wp\/v2\/pages\/2615"}],"collection":[{"href":"https:\/\/drehdichringelspiel.at\/drehdichringelspiel\/wp-json\/wp\/v2\/pages"}],"about":[{"href":"https:\/\/drehdichringelspiel.at\/drehdichringelspiel\/wp-json\/wp\/v2\/types\/page"}],"author":[{"embeddable":true,"href":"https:\/\/drehdichringelspiel.at\/drehdichringelspiel\/wp-json\/wp\/v2\/users\/1"}],"replies":[{"embeddable":true,"href":"https:\/\/drehdichringelspiel.at\/drehdichringelspiel\/wp-json\/wp\/v2\/comments?post=2615"}],"version-history":[{"count":5,"href":"https:\/\/drehdichringelspiel.at\/drehdichringelspiel\/wp-json\/wp\/v2\/pages\/2615\/revisions"}],"predecessor-version":[{"id":2624,"href":"https:\/\/drehdichringelspiel.at\/drehdichringelspiel\/wp-json\/wp\/v2\/pages\/2615\/revisions\/2624"}],"wp:attachment":[{"href":"https:\/\/drehdichringelspiel.at\/drehdichringelspiel\/wp-json\/wp\/v2\/media?parent=2615"}],"curies":[{"name":"wp","href":"https:\/\/api.w.org\/{rel}","templated":true}]}}