{"id":2538,"date":"2020-07-09T10:59:23","date_gmt":"2020-07-09T10:59:23","guid":{"rendered":"https:\/\/drehdichringelspiel.at\/drehdichringelspiel\/?page_id=2538"},"modified":"2020-09-10T11:54:27","modified_gmt":"2020-09-10T11:54:27","slug":"presseberichte","status":"publish","type":"page","link":"https:\/\/drehdichringelspiel.at\/drehdichringelspiel\/presseberichte\/","title":{"rendered":"Presseberichte"},"content":{"rendered":"\t\t<div data-elementor-type=\"wp-page\" data-elementor-id=\"2538\" class=\"elementor elementor-2538\">\n\t\t\t\t\t\t\t\t\t<section class=\"elementor-section elementor-top-section elementor-element elementor-element-86e711e elementor-section-boxed elementor-section-height-default elementor-section-height-default\" data-id=\"86e711e\" data-element_type=\"section\" data-settings=\"{&quot;background_background&quot;:&quot;video&quot;}\">\n\t\t\t\t\t\t<div class=\"elementor-container elementor-column-gap-extended\">\n\t\t\t\t\t<div class=\"elementor-column elementor-col-100 elementor-top-column elementor-element elementor-element-bb485b1 sc_inner_width_none sc_layouts_column_icons_position_left\" data-id=\"bb485b1\" data-element_type=\"column\">\n\t\t\t<div class=\"elementor-widget-wrap elementor-element-populated\">\n\t\t\t\t\t\t\t\t<div class=\"elementor-element elementor-element-f22f3a7 sc_fly_static elementor-widget elementor-widget-trx_sc_button\" data-id=\"f22f3a7\" data-element_type=\"widget\" data-widget_type=\"trx_sc_button.default\">\n\t\t\t\t<div class=\"elementor-widget-container\">\n\t\t\t<div id=\"trx_sc_button_969391369\"\tclass=\"sc_item_button sc_button_wrap sc_align_right\"><a href=\"https:\/\/drehdichringelspiel.at\/downloads\/Pressefoto-Ernst-Hrabalek-2020.jpg\" class=\"sc_button sc_button_default sc_button_size_small sc_button_with_icon sc_button_icon_left\" target=\"_blank\"><span class=\"sc_button_icon\"><span class=\"icon-pictures\"><\/span><\/span><span class=\"sc_button_text\"><span class=\"sc_button_title\">Pressefoto f\u00fcr berichterstattung<\/span><\/span><!-- \/.sc_button_text --><\/a><!-- \/.sc_button --><\/div><!-- \/.sc_item_button -->\t\t<\/div>\n\t\t\t\t<\/div>\n\t\t\t\t<div class=\"elementor-element elementor-element-1d0d81d sc_fly_static elementor-widget elementor-widget-spacer\" data-id=\"1d0d81d\" data-element_type=\"widget\" data-widget_type=\"spacer.default\">\n\t\t\t\t<div class=\"elementor-widget-container\">\n\t\t\t\t\t<div class=\"elementor-spacer\">\n\t\t\t<div class=\"elementor-spacer-inner\"><\/div>\n\t\t<\/div>\n\t\t\t\t<\/div>\n\t\t\t\t<\/div>\n\t\t\t\t<div class=\"elementor-element elementor-element-935dbb5 sc_fly_static elementor-widget elementor-widget-heading\" data-id=\"935dbb5\" data-element_type=\"widget\" data-widget_type=\"heading.default\">\n\t\t\t\t<div class=\"elementor-widget-container\">\n\t\t\t<h2 class=\"elementor-heading-title elementor-size-default\">Was die Medien \u00fcber uns schreiben!<\/h2>\t\t<\/div>\n\t\t\t\t<\/div>\n\t\t\t\t\t<\/div>\n\t\t<\/div>\n\t\t\t\t\t\t\t<\/div>\n\t\t<\/section>\n\t\t\t\t<section class=\"elementor-section elementor-top-section elementor-element elementor-element-f10bbcc elementor-section-boxed elementor-section-height-default elementor-section-height-default\" data-id=\"f10bbcc\" data-element_type=\"section\">\n\t\t\t\t\t\t<div class=\"elementor-container elementor-column-gap-extended\">\n\t\t\t\t\t<div class=\"elementor-column elementor-col-100 elementor-top-column elementor-element elementor-element-4b7167e sc_inner_width_none sc_layouts_column_icons_position_left\" data-id=\"4b7167e\" data-element_type=\"column\">\n\t\t\t<div class=\"elementor-widget-wrap elementor-element-populated\">\n\t\t\t\t\t\t\t\t<div class=\"elementor-element elementor-element-01d1984 sc_fly_static elementor-widget elementor-widget-text-editor\" data-id=\"01d1984\" data-element_type=\"widget\" data-widget_type=\"text-editor.default\">\n\t\t\t\t<div class=\"elementor-widget-container\">\n\t\t\t\t\t\t\t<p>Vielen Dank an die Presse f\u00fcr die umfassenden und tollen Berichterstattungen!<\/p>\t\t\t\t\t\t<\/div>\n\t\t\t\t<\/div>\n\t\t\t\t<div class=\"elementor-element elementor-element-5a8df9d sc_fly_static elementor-widget elementor-widget-spacer\" data-id=\"5a8df9d\" data-element_type=\"widget\" data-widget_type=\"spacer.default\">\n\t\t\t\t<div class=\"elementor-widget-container\">\n\t\t\t\t\t<div class=\"elementor-spacer\">\n\t\t\t<div class=\"elementor-spacer-inner\"><\/div>\n\t\t<\/div>\n\t\t\t\t<\/div>\n\t\t\t\t<\/div>\n\t\t\t\t<div class=\"elementor-element elementor-element-991fee4 sc_fly_static elementor-widget elementor-widget-shortcode\" data-id=\"991fee4\" data-element_type=\"widget\" data-widget_type=\"shortcode.default\">\n\t\t\t\t<div class=\"elementor-widget-container\">\n\t\t\t\t\t<div class=\"elementor-shortcode\"><style type=\"text\/css\">\n#foogallery-gallery-2642.fg-masonry { --fg-gutter: 10px; }<\/style>\n\t\t\t<div class=\"foogallery foogallery-container foogallery-masonry foogallery-lightbox-foogallery fg-center fg-masonry fg-ready fg-dark fg-border-thin fg-shadow-small fg-loading-default fg-loaded-fade-in fg-captions-bottom fg-hover-fade fg-hover-plus fg-col3\" id=\"foogallery-gallery-2642\" data-foogallery=\"{&quot;item&quot;:{&quot;showCaptionTitle&quot;:true,&quot;showCaptionDescription&quot;:true},&quot;lazy&quot;:true,&quot;state&quot;:{&quot;enabled&quot;:true,&quot;mask&quot;:&quot;foogallery-{id}&quot;}}\" data-foogallery-lightbox=\"{&quot;thumbs&quot;:&quot;bottom&quot;,&quot;thumbsCaptions&quot;:false,&quot;thumbsBestFit&quot;:false,&quot;thumbsSmall&quot;:false,&quot;thumbsCaptionsAlign&quot;:&quot;default&quot;,&quot;info&quot;:&quot;bottom&quot;,&quot;infoVisible&quot;:true,&quot;infoOverlay&quot;:true,&quot;infoAlign&quot;:&quot;default&quot;,&quot;transition&quot;:&quot;fade&quot;,&quot;hoverButtons&quot;:false,&quot;fitMedia&quot;:false,&quot;noScrollbars&quot;:true,&quot;preserveButtonSpace&quot;:true,&quot;buttons&quot;:{&quot;fullscreen&quot;:true,&quot;info&quot;:true,&quot;thumbs&quot;:false},&quot;video&quot;:{&quot;autoPlay&quot;:true}}\" style=\"--fg-title-line-clamp: 0; --fg-description-line-clamp: 0;\" >\n\t\t<div class=\"fg-column-width\"><\/div>\n\t<div class=\"fg-gutter-width\"><\/div>\n\t\t<div class=\"fg-item fg-type-image fg-idle\"><figure class=\"fg-item-inner\"><a href=\"https:\/\/drehdichringelspiel.at\/drehdichringelspiel\/wp-content\/uploads\/2025\/02\/Presseartikel-2025.jpeg\" data-attachment-id=\"2887\" data-type=\"image\" class=\"fg-thumb\"><span class=\"fg-image-wrap\"><img width=\"150\" height=\"221\" class=\"skip-lazy fg-image\" data-src-fg=\"https:\/\/drehdichringelspiel.at\/drehdichringelspiel\/wp-content\/uploads\/cache\/2025\/02\/Presseartikel-2025\/2138753448.jpeg\" src=\"data:image\/svg+xml,%3Csvg%20xmlns%3D%22http%3A%2F%2Fwww.w3.org%2F2000%2Fsvg%22%20width%3D%22150%22%20height%3D%22221%22%20viewBox%3D%220%200%20150%20221%22%3E%3C%2Fsvg%3E\" loading=\"eager\"><\/span><span class=\"fg-image-overlay\"><\/span><\/a><\/figure><div class=\"fg-loader\"><\/div><\/div><div class=\"fg-item fg-type-image fg-idle\"><figure class=\"fg-item-inner\"><a href=\"https:\/\/drehdichringelspiel.at\/drehdichringelspiel\/wp-content\/uploads\/2020\/09\/mein-bezirk-Boehmischer-Prater_-Park-Hrabalek-baut-weiter-aus-Favoriten-pdf.jpg\" data-caption-title=\"Bericht vom 2. August 2020 Meinbezirk.at-B\u00f6hmischer Prater: Park Hrabalek baut weiter aus\" data-caption-desc=\"Bericht vom 2. August 2020 Meinbezirk.at-B\u00f6hmischer Prater:\" data-attachment-id=\"2644\" data-type=\"image\" class=\"fg-thumb\"><span class=\"fg-image-wrap\"><img alt=\"Bericht vom 2. August 2020 Meinbezirk.at-B\u00f6hmischer Prater:\" title=\"Bericht vom 2. August 2020 Meinbezirk.at-B\u00f6hmischer Prater: Park Hrabalek baut weiter aus\" width=\"150\" height=\"212\" class=\"skip-lazy fg-image\" data-src-fg=\"https:\/\/drehdichringelspiel.at\/drehdichringelspiel\/wp-content\/uploads\/cache\/2020\/09\/mein-bezirk-Boehmischer-Prater_-Park-Hrabalek-baut-weiter-aus-Favoriten-pdf\/2743227624.jpg\" src=\"data:image\/svg+xml,%3Csvg%20xmlns%3D%22http%3A%2F%2Fwww.w3.org%2F2000%2Fsvg%22%20width%3D%22150%22%20height%3D%22212%22%20viewBox%3D%220%200%20150%20212%22%3E%3C%2Fsvg%3E\" loading=\"eager\"><\/span><span class=\"fg-image-overlay\"><\/span><\/a><figcaption class=\"fg-caption\"><div class=\"fg-caption-inner\"><div class=\"fg-caption-title\">Bericht vom 2. August 2020 Meinbezirk.at-B\u00f6hmischer Prater: Park Hrabalek baut weiter aus<\/div><div class=\"fg-caption-desc\">Bericht vom 2. August 2020 Meinbezirk.at-B\u00f6hmischer Prater:<\/div><\/div><\/figcaption><\/figure><div class=\"fg-loader\"><\/div><\/div><div class=\"fg-item fg-type-image fg-idle\"><figure class=\"fg-item-inner\"><a href=\"https:\/\/drehdichringelspiel.at\/drehdichringelspiel\/wp-content\/uploads\/2020\/07\/B\u00f6hmischer-Prater-Krone.jpg\" data-caption-title=\"Ein toller Bericht in der KRONEN Zeitung\" data-caption-desc=\"Vielen Dank an die KRONEN Zeitung f\u00fcr diesen tollen Bericht am 13 Juni 2020\" data-attachment-id=\"2536\" data-type=\"image\" class=\"fg-thumb\"><span class=\"fg-image-wrap\"><img title=\"Ein toller Bericht in der KRONEN Zeitung\" width=\"150\" height=\"220\" class=\"skip-lazy fg-image\" data-src-fg=\"https:\/\/drehdichringelspiel.at\/drehdichringelspiel\/wp-content\/uploads\/cache\/2020\/07\/B\u00f6hmischer-Prater-Krone\/3633960732.jpg\" src=\"data:image\/svg+xml,%3Csvg%20xmlns%3D%22http%3A%2F%2Fwww.w3.org%2F2000%2Fsvg%22%20width%3D%22150%22%20height%3D%22220%22%20viewBox%3D%220%200%20150%20220%22%3E%3C%2Fsvg%3E\" loading=\"eager\"><\/span><span class=\"fg-image-overlay\"><\/span><\/a><figcaption class=\"fg-caption\"><div class=\"fg-caption-inner\"><div class=\"fg-caption-title\">Ein toller Bericht in der KRONEN Zeitung<\/div><div class=\"fg-caption-desc\">Vielen Dank an die KRONEN Zeitung f\u00fcr diesen tollen Bericht am 13 Juni 2020<\/div><\/div><\/figcaption><\/figure><div class=\"fg-loader\"><\/div><\/div><div class=\"fg-item fg-type-image fg-idle\"><figure class=\"fg-item-inner\"><a href=\"https:\/\/drehdichringelspiel.at\/drehdichringelspiel\/wp-content\/uploads\/2020\/07\/B\u00f6hmischer-Prater-3.jpg\" data-caption-title=\"Tageszeitung\" data-attachment-id=\"2535\" data-type=\"image\" class=\"fg-thumb\"><span class=\"fg-image-wrap\"><img title=\"Tageszeitung\" width=\"150\" height=\"284\" class=\"skip-lazy fg-image\" data-src-fg=\"https:\/\/drehdichringelspiel.at\/drehdichringelspiel\/wp-content\/uploads\/cache\/2020\/07\/B\u00f6hmischer-Prater-3\/1687673931.jpg\" src=\"data:image\/svg+xml,%3Csvg%20xmlns%3D%22http%3A%2F%2Fwww.w3.org%2F2000%2Fsvg%22%20width%3D%22150%22%20height%3D%22284%22%20viewBox%3D%220%200%20150%20284%22%3E%3C%2Fsvg%3E\" loading=\"eager\"><\/span><span class=\"fg-image-overlay\"><\/span><\/a><figcaption class=\"fg-caption\"><div class=\"fg-caption-inner\"><div class=\"fg-caption-title\">Tageszeitung<\/div><\/div><\/figcaption><\/figure><div class=\"fg-loader\"><\/div><\/div><div class=\"fg-item fg-type-image fg-idle\"><figure class=\"fg-item-inner\"><a href=\"https:\/\/drehdichringelspiel.at\/drehdichringelspiel\/wp-content\/uploads\/2020\/07\/B\u00f6hmischer-Prater-2.jpg\" data-caption-title=\"Tageszeitung\" data-attachment-id=\"2534\" data-type=\"image\" class=\"fg-thumb\"><span class=\"fg-image-wrap\"><img title=\"Tageszeitung\" width=\"150\" height=\"201\" class=\"skip-lazy fg-image\" data-src-fg=\"https:\/\/drehdichringelspiel.at\/drehdichringelspiel\/wp-content\/uploads\/cache\/2020\/07\/B\u00f6hmischer-Prater-2\/3530089793.jpg\" src=\"data:image\/svg+xml,%3Csvg%20xmlns%3D%22http%3A%2F%2Fwww.w3.org%2F2000%2Fsvg%22%20width%3D%22150%22%20height%3D%22201%22%20viewBox%3D%220%200%20150%20201%22%3E%3C%2Fsvg%3E\" loading=\"eager\"><\/span><span class=\"fg-image-overlay\"><\/span><\/a><figcaption class=\"fg-caption\"><div class=\"fg-caption-inner\"><div class=\"fg-caption-title\">Tageszeitung<\/div><\/div><\/figcaption><\/figure><div class=\"fg-loader\"><\/div><\/div><div class=\"fg-item fg-type-image fg-idle\"><figure class=\"fg-item-inner\"><a href=\"https:\/\/drehdichringelspiel.at\/drehdichringelspiel\/wp-content\/uploads\/2020\/07\/B\u00f6hmischer-Prater-1.jpg\" data-caption-title=\"Tageszeitung\" data-caption-desc=\"Tageszeitung\" data-attachment-id=\"2533\" data-type=\"image\" class=\"fg-thumb\"><span class=\"fg-image-wrap\"><img title=\"Tageszeitung\" width=\"150\" height=\"203\" class=\"skip-lazy fg-image\" data-src-fg=\"https:\/\/drehdichringelspiel.at\/drehdichringelspiel\/wp-content\/uploads\/cache\/2020\/07\/B\u00f6hmischer-Prater-1\/3762112527.jpg\" src=\"data:image\/svg+xml,%3Csvg%20xmlns%3D%22http%3A%2F%2Fwww.w3.org%2F2000%2Fsvg%22%20width%3D%22150%22%20height%3D%22203%22%20viewBox%3D%220%200%20150%20203%22%3E%3C%2Fsvg%3E\" loading=\"eager\"><\/span><span class=\"fg-image-overlay\"><\/span><\/a><figcaption class=\"fg-caption\"><div class=\"fg-caption-inner\"><div class=\"fg-caption-title\">Tageszeitung<\/div><div class=\"fg-caption-desc\">Tageszeitung<\/div><\/div><\/figcaption><\/figure><div class=\"fg-loader\"><\/div><\/div><\/div><\/div>\n\t\t\t\t<\/div>\n\t\t\t\t<\/div>\n\t\t\t\t\t<\/div>\n\t\t<\/div>\n\t\t\t\t\t\t\t<\/div>\n\t\t<\/section>\n\t\t\t\t<section class=\"elementor-section elementor-top-section elementor-element elementor-element-03c8993 elementor-section-boxed elementor-section-height-default elementor-section-height-default\" data-id=\"03c8993\" data-element_type=\"section\">\n\t\t\t\t\t\t<div class=\"elementor-container elementor-column-gap-extended\">\n\t\t\t\t\t<div class=\"elementor-column elementor-col-100 elementor-top-column elementor-element elementor-element-b2725d1 sc_inner_width_none sc_layouts_column_icons_position_left\" data-id=\"b2725d1\" data-element_type=\"column\">\n\t\t\t<div class=\"elementor-widget-wrap\">\n\t\t\t\t\t\t\t\t\t<\/div>\n\t\t<\/div>\n\t\t\t\t\t\t\t<\/div>\n\t\t<\/section>\n\t\t\t\t\t\t\t<\/div>\n\t\t","protected":false},"excerpt":{"rendered":"<p>Pressefoto f\u00fcr berichterstattung Was die Medien \u00fcber uns schreiben! Vielen Dank an die Presse f\u00fcr die umfassenden und tollen Berichterstattungen!<\/p>\n","protected":false},"author":1,"featured_media":0,"parent":0,"menu_order":0,"comment_status":"closed","ping_status":"closed","template":"","meta":[],"_links":{"self":[{"href":"https:\/\/drehdichringelspiel.at\/drehdichringelspiel\/wp-json\/wp\/v2\/pages\/2538"}],"collection":[{"href":"https:\/\/drehdichringelspiel.at\/drehdichringelspiel\/wp-json\/wp\/v2\/pages"}],"about":[{"href":"https:\/\/drehdichringelspiel.at\/drehdichringelspiel\/wp-json\/wp\/v2\/types\/page"}],"author":[{"embeddable":true,"href":"https:\/\/drehdichringelspiel.at\/drehdichringelspiel\/wp-json\/wp\/v2\/users\/1"}],"replies":[{"embeddable":true,"href":"https:\/\/drehdichringelspiel.at\/drehdichringelspiel\/wp-json\/wp\/v2\/comments?post=2538"}],"version-history":[{"count":10,"href":"https:\/\/drehdichringelspiel.at\/drehdichringelspiel\/wp-json\/wp\/v2\/pages\/2538\/revisions"}],"predecessor-version":[{"id":2643,"href":"https:\/\/drehdichringelspiel.at\/drehdichringelspiel\/wp-json\/wp\/v2\/pages\/2538\/revisions\/2643"}],"wp:attachment":[{"href":"https:\/\/drehdichringelspiel.at\/drehdichringelspiel\/wp-json\/wp\/v2\/media?parent=2538"}],"curies":[{"name":"wp","href":"https:\/\/api.w.org\/{rel}","templated":true}]}}