{"id":2401,"date":"2020-07-09T06:54:42","date_gmt":"2020-07-09T06:54:42","guid":{"rendered":"https:\/\/drehdichringelspiel.at\/drehdichringelspiel\/?page_id=2401"},"modified":"2020-07-09T09:50:59","modified_gmt":"2020-07-09T09:50:59","slug":"neuigkeiten","status":"publish","type":"page","link":"https:\/\/drehdichringelspiel.at\/drehdichringelspiel\/neuigkeiten\/","title":{"rendered":"Neuigkeiten"},"content":{"rendered":"\t\t<div data-elementor-type=\"wp-page\" data-elementor-id=\"2401\" class=\"elementor elementor-2401\">\n\t\t\t\t\t\t\t\t\t<section class=\"elementor-section elementor-top-section elementor-element elementor-element-52ee208 elementor-section-boxed elementor-section-height-default elementor-section-height-default\" data-id=\"52ee208\" data-element_type=\"section\">\n\t\t\t\t\t\t<div class=\"elementor-container elementor-column-gap-extended\">\n\t\t\t\t\t<div class=\"elementor-column elementor-col-100 elementor-top-column elementor-element elementor-element-5c455db sc_inner_width_none sc_layouts_column_icons_position_left\" data-id=\"5c455db\" data-element_type=\"column\">\n\t\t\t<div class=\"elementor-widget-wrap elementor-element-populated\">\n\t\t\t\t\t\t\t\t<div class=\"elementor-element elementor-element-d04081b premium-blog-align-left sc_fly_static elementor-widget elementor-widget-premium-addon-blog\" data-id=\"d04081b\" data-element_type=\"widget\" data-settings=\"{&quot;premium_blog_columns_number&quot;:&quot;100%&quot;,&quot;premium_blog_grid&quot;:&quot;yes&quot;,&quot;premium_blog_layout&quot;:&quot;even&quot;,&quot;premium_blog_columns_number_tablet&quot;:&quot;50%&quot;,&quot;premium_blog_columns_number_mobile&quot;:&quot;100%&quot;}\" data-widget_type=\"premium-addon-blog.default\">\n\t\t\t\t<div class=\"elementor-widget-container\">\n\t\t\t\n\t\t\n\n\t\t\t\t<div class=\"premium-blog-wrap  premium-blog-even\" data-page=\"2401\">\n\t\t\t\t\t\t\t\t\t<div class=\"premium-blog-post-outer-container\" data-total=\"3\">\n\t\t\t<div class=\"premium-blog-post-container premium-blog-skin-classic\">\n\t\t\t\t\t\t\t\t\t<div class=\"premium-blog-thumb-effect-wrapper\">\n\t\t\t\t\t\t<div class=\"premium-blog-thumbnail-container premium-blog-zoomin-effect\">\n\t\t\t\t\t\t\t<img width=\"1177\" height=\"1738\" src=\"https:\/\/drehdichringelspiel.at\/drehdichringelspiel\/wp-content\/uploads\/2025\/02\/Presseartikel-2025.jpeg\" class=\"attachment-full size-full wp-image-2887\" alt=\"\" loading=\"lazy\" srcset=\"https:\/\/drehdichringelspiel.at\/drehdichringelspiel\/wp-content\/uploads\/2025\/02\/Presseartikel-2025.jpeg 1177w, https:\/\/drehdichringelspiel.at\/drehdichringelspiel\/wp-content\/uploads\/2025\/02\/Presseartikel-2025-203x300.jpeg 203w, https:\/\/drehdichringelspiel.at\/drehdichringelspiel\/wp-content\/uploads\/2025\/02\/Presseartikel-2025-693x1024.jpeg 693w, https:\/\/drehdichringelspiel.at\/drehdichringelspiel\/wp-content\/uploads\/2025\/02\/Presseartikel-2025-768x1134.jpeg 768w, https:\/\/drehdichringelspiel.at\/drehdichringelspiel\/wp-content\/uploads\/2025\/02\/Presseartikel-2025-1040x1536.jpeg 1040w, https:\/\/drehdichringelspiel.at\/drehdichringelspiel\/wp-content\/uploads\/2025\/02\/Presseartikel-2025-370x546.jpeg 370w, https:\/\/drehdichringelspiel.at\/drehdichringelspiel\/wp-content\/uploads\/2025\/02\/Presseartikel-2025-760x1122.jpeg 760w, https:\/\/drehdichringelspiel.at\/drehdichringelspiel\/wp-content\/uploads\/2025\/02\/Presseartikel-2025-600x886.jpeg 600w\" sizes=\"(max-width: 1177px) 100vw, 1177px\" \/>\t\t\t\t\t\t<\/div>\n\t\t\t\t\t\t\t\t\t\t\t\t\t<div class=\"premium-blog-thumbnail-overlay\">\n\t\t\t\t\t\t\t\t<a class=\"elementor-icon\" href=\"https:\/\/drehdichringelspiel.at\/drehdichringelspiel\/grosse-aufregung-um-die-zukunft-von-park-hrabalek\/\" target=\"_self\"><\/a>\n\t\t\t\t\t\t\t<\/div>\n\n\t\t\t\t\t\t\t\t\t\t\t\t\t\t\t\t\t\t<\/div>\n\t\t\t\t\t\t\t\t\t\t\t\t<div class=\"premium-blog-content-wrapper \">\n\n\t\t\t\t\t<div class=\"premium-blog-inner-container\">\n\n\t\t\t\t\t\t\t\t\t\t\t\t\t\t<h2 class=\"premium-blog-entry-title\">\n\t\t\t<a href=\"https:\/\/drehdichringelspiel.at\/drehdichringelspiel\/grosse-aufregung-um-die-zukunft-von-park-hrabalek\/\" target=\"_self\">\n\t\t\t\tGro\u00dfe Aufregung um die Zukunft von Park Hrabalek\t\t\t<\/a>\n\t\t<\/h2>\n\t\t\t\t<div class=\"premium-blog-entry-meta\">\n\t\t\t\n\t\t\t\n\t\t\t\t\t\t\t<span class=\"premium-blog-meta-separator\">\u2022<\/span>\n\t\t\t\t<div class=\"premium-blog-post-categories premium-blog-meta-data\">\n\t\t\t\t\t<i class=\"fa fa-align-left fa-fw\" aria-hidden=\"true\"><\/i>\n\t\t\t\t\t<a href=\"https:\/\/drehdichringelspiel.at\/drehdichringelspiel\/category\/news\/\" rel=\"category tag\">News<\/a>, <a href=\"https:\/\/drehdichringelspiel.at\/drehdichringelspiel\/category\/news-updates\/\" rel=\"category tag\">News &amp; Updates<\/a>\t\t\t\t<\/div>\n\t\t\t\n\t\t\t\t\t<\/div>\n\t\t\n\t\t\t\t\t<\/div>\n\n\t\t\t\t\t\t\t<div class=\"premium-blog-content-inner-wrapper\">\n\t\t<p class=\"premium-blog-post-content\">Ernst Hrabalek vor dem Ringelspiel im B\u00f6hmischen Prater: \u201eEs wird nat\u00fcr\u00ad lich auch in dieser Saison seine Runden drehen\u201c so Hrabalek. Gerade \u2026<\/p>\t\t<\/div>\n\t\t\t\t\t\t\t\n\t\t\t\t<\/div>\n\t\t\t<\/div>\n\t\t<\/div>\n\n\t\t\t\t<div class=\"premium-blog-post-outer-container\" data-total=\"3\">\n\t\t\t<div class=\"premium-blog-post-container premium-blog-skin-classic\">\n\t\t\t\t\t\t\t\t\t<div class=\"premium-blog-thumb-effect-wrapper\">\n\t\t\t\t\t\t<div class=\"premium-blog-thumbnail-container premium-blog-zoomin-effect\">\n\t\t\t\t\t\t\t<img width=\"1728\" height=\"864\" src=\"https:\/\/drehdichringelspiel.at\/drehdichringelspiel\/wp-content\/uploads\/2022\/12\/Verlaengerung-2022-23.jpg\" class=\"attachment-full size-full wp-image-2800\" alt=\"\" loading=\"lazy\" srcset=\"https:\/\/drehdichringelspiel.at\/drehdichringelspiel\/wp-content\/uploads\/2022\/12\/Verlaengerung-2022-23.jpg 1728w, https:\/\/drehdichringelspiel.at\/drehdichringelspiel\/wp-content\/uploads\/2022\/12\/Verlaengerung-2022-23-300x150.jpg 300w, https:\/\/drehdichringelspiel.at\/drehdichringelspiel\/wp-content\/uploads\/2022\/12\/Verlaengerung-2022-23-1024x512.jpg 1024w, https:\/\/drehdichringelspiel.at\/drehdichringelspiel\/wp-content\/uploads\/2022\/12\/Verlaengerung-2022-23-768x384.jpg 768w, https:\/\/drehdichringelspiel.at\/drehdichringelspiel\/wp-content\/uploads\/2022\/12\/Verlaengerung-2022-23-1536x768.jpg 1536w, https:\/\/drehdichringelspiel.at\/drehdichringelspiel\/wp-content\/uploads\/2022\/12\/Verlaengerung-2022-23-370x185.jpg 370w, https:\/\/drehdichringelspiel.at\/drehdichringelspiel\/wp-content\/uploads\/2022\/12\/Verlaengerung-2022-23-760x380.jpg 760w, https:\/\/drehdichringelspiel.at\/drehdichringelspiel\/wp-content\/uploads\/2022\/12\/Verlaengerung-2022-23-600x300.jpg 600w\" sizes=\"(max-width: 1728px) 100vw, 1728px\" \/>\t\t\t\t\t\t<\/div>\n\t\t\t\t\t\t\t\t\t\t\t\t\t<div class=\"premium-blog-thumbnail-overlay\">\n\t\t\t\t\t\t\t\t<a class=\"elementor-icon\" href=\"https:\/\/drehdichringelspiel.at\/drehdichringelspiel\/cafe-konditorei-hrabalek-gehen-in-die-verlaengerung\/\" target=\"_self\"><\/a>\n\t\t\t\t\t\t\t<\/div>\n\n\t\t\t\t\t\t\t\t\t\t\t\t\t\t\t\t\t\t<\/div>\n\t\t\t\t\t\t\t\t\t\t\t\t<div class=\"premium-blog-content-wrapper \">\n\n\t\t\t\t\t<div class=\"premium-blog-inner-container\">\n\n\t\t\t\t\t\t\t\t\t\t\t\t\t\t<h2 class=\"premium-blog-entry-title\">\n\t\t\t<a href=\"https:\/\/drehdichringelspiel.at\/drehdichringelspiel\/cafe-konditorei-hrabalek-gehen-in-die-verlaengerung\/\" target=\"_self\">\n\t\t\t\tCAF\u00c9\u00a0KONDITOREI\u00a0HRABALEK\u00a0GEHEN\u00a0IN\u00a0DIE\u00a0VERL\u00c4NGERUNG!\t\t\t<\/a>\n\t\t<\/h2>\n\t\t\t\t<div class=\"premium-blog-entry-meta\">\n\t\t\t\n\t\t\t\n\t\t\t\t\t\t\t<span class=\"premium-blog-meta-separator\">\u2022<\/span>\n\t\t\t\t<div class=\"premium-blog-post-categories premium-blog-meta-data\">\n\t\t\t\t\t<i class=\"fa fa-align-left fa-fw\" aria-hidden=\"true\"><\/i>\n\t\t\t\t\t<a href=\"https:\/\/drehdichringelspiel.at\/drehdichringelspiel\/category\/news\/\" rel=\"category tag\">News<\/a>\t\t\t\t<\/div>\n\t\t\t\n\t\t\t\t\t<\/div>\n\t\t\n\t\t\t\t\t<\/div>\n\n\t\t\t\t\t\t\t<div class=\"premium-blog-content-inner-wrapper\">\n\t\t<p class=\"premium-blog-post-content\">LIEBE G\u00c4STE UND FREUNDE DES B\u00d6HMISCHEN PRATERS! Der Park Hrabalek und die Caf\u00e9 Konditorei Hrabalek gehen in die Verl\u00e4ngerung!Bis inkl. 8. J\u00e4nner \u2026<\/p>\t\t<\/div>\n\t\t\t\t\t\t\t\n\t\t\t\t<\/div>\n\t\t\t<\/div>\n\t\t<\/div>\n\n\t\t\t\t<div class=\"premium-blog-post-outer-container\" data-total=\"3\">\n\t\t\t<div class=\"premium-blog-post-container premium-blog-skin-classic\">\n\t\t\t\t\t\t\t\t\t<div class=\"premium-blog-thumb-effect-wrapper\">\n\t\t\t\t\t\t<div class=\"premium-blog-thumbnail-container premium-blog-zoomin-effect\">\n\t\t\t\t\t\t\t<img width=\"1280\" height=\"960\" src=\"https:\/\/drehdichringelspiel.at\/drehdichringelspiel\/wp-content\/uploads\/2020\/07\/Kiddy-Rider-1.jpg\" class=\"attachment-full size-full wp-image-2441\" alt=\"\" loading=\"lazy\" srcset=\"https:\/\/drehdichringelspiel.at\/drehdichringelspiel\/wp-content\/uploads\/2020\/07\/Kiddy-Rider-1.jpg 1280w, https:\/\/drehdichringelspiel.at\/drehdichringelspiel\/wp-content\/uploads\/2020\/07\/Kiddy-Rider-1-300x225.jpg 300w, https:\/\/drehdichringelspiel.at\/drehdichringelspiel\/wp-content\/uploads\/2020\/07\/Kiddy-Rider-1-1024x768.jpg 1024w, https:\/\/drehdichringelspiel.at\/drehdichringelspiel\/wp-content\/uploads\/2020\/07\/Kiddy-Rider-1-768x576.jpg 768w, https:\/\/drehdichringelspiel.at\/drehdichringelspiel\/wp-content\/uploads\/2020\/07\/Kiddy-Rider-1-370x278.jpg 370w, https:\/\/drehdichringelspiel.at\/drehdichringelspiel\/wp-content\/uploads\/2020\/07\/Kiddy-Rider-1-760x570.jpg 760w, https:\/\/drehdichringelspiel.at\/drehdichringelspiel\/wp-content\/uploads\/2020\/07\/Kiddy-Rider-1-600x450.jpg 600w\" sizes=\"(max-width: 1280px) 100vw, 1280px\" \/>\t\t\t\t\t\t<\/div>\n\t\t\t\t\t\t\t\t\t\t\t\t\t<div class=\"premium-blog-thumbnail-overlay\">\n\t\t\t\t\t\t\t\t<a class=\"elementor-icon\" href=\"https:\/\/drehdichringelspiel.at\/drehdichringelspiel\/kiddy-rider\/\" target=\"_self\"><\/a>\n\t\t\t\t\t\t\t<\/div>\n\n\t\t\t\t\t\t\t\t\t\t\t\t\t\t\t\t\t\t<\/div>\n\t\t\t\t\t\t\t\t\t\t\t\t<div class=\"premium-blog-content-wrapper \">\n\n\t\t\t\t\t<div class=\"premium-blog-inner-container\">\n\n\t\t\t\t\t\t\t\t\t\t\t\t\t\t<h2 class=\"premium-blog-entry-title\">\n\t\t\t<a href=\"https:\/\/drehdichringelspiel.at\/drehdichringelspiel\/kiddy-rider\/\" target=\"_self\">\n\t\t\t\tKiddy Rider\t\t\t<\/a>\n\t\t<\/h2>\n\t\t\t\t<div class=\"premium-blog-entry-meta\">\n\t\t\t\n\t\t\t\n\t\t\t\t\t\t\t<span class=\"premium-blog-meta-separator\">\u2022<\/span>\n\t\t\t\t<div class=\"premium-blog-post-categories premium-blog-meta-data\">\n\t\t\t\t\t<i class=\"fa fa-align-left fa-fw\" aria-hidden=\"true\"><\/i>\n\t\t\t\t\t<a href=\"https:\/\/drehdichringelspiel.at\/drehdichringelspiel\/category\/attraktionen\/\" rel=\"category tag\">Attraktionen<\/a>\t\t\t\t<\/div>\n\t\t\t\n\t\t\t\t\t<\/div>\n\t\t\n\t\t\t\t\t<\/div>\n\n\t\t\t\t\t\t\t<div class=\"premium-blog-content-inner-wrapper\">\n\t\t<p class=\"premium-blog-post-content\">Kiddy Rider F\u00fcr die Kleinen zum Vergn\u00fcgen zwischendurch stehen unter anderem 6 Kiddy Rider zur Verf\u00fcgung.<\/p>\t\t<\/div>\n\t\t\t\t\t\t\t\n\t\t\t\t<\/div>\n\t\t\t<\/div>\n\t\t<\/div>\n\n\t\t\t\t<div class=\"premium-blog-post-outer-container\" data-total=\"3\">\n\t\t\t<div class=\"premium-blog-post-container premium-blog-skin-classic\">\n\t\t\t\t\t\t\t\t\t<div class=\"premium-blog-thumb-effect-wrapper\">\n\t\t\t\t\t\t<div class=\"premium-blog-thumbnail-container premium-blog-zoomin-effect\">\n\t\t\t\t\t\t\t<img width=\"1200\" height=\"583\" src=\"https:\/\/drehdichringelspiel.at\/drehdichringelspiel\/wp-content\/uploads\/2020\/07\/Hutschn-Br\u00e4u-Bier-Anlage.jpg\" class=\"attachment-full size-full wp-image-2414\" alt=\"\" loading=\"lazy\" srcset=\"https:\/\/drehdichringelspiel.at\/drehdichringelspiel\/wp-content\/uploads\/2020\/07\/Hutschn-Br\u00e4u-Bier-Anlage.jpg 1200w, https:\/\/drehdichringelspiel.at\/drehdichringelspiel\/wp-content\/uploads\/2020\/07\/Hutschn-Br\u00e4u-Bier-Anlage-300x146.jpg 300w, https:\/\/drehdichringelspiel.at\/drehdichringelspiel\/wp-content\/uploads\/2020\/07\/Hutschn-Br\u00e4u-Bier-Anlage-1024x497.jpg 1024w, https:\/\/drehdichringelspiel.at\/drehdichringelspiel\/wp-content\/uploads\/2020\/07\/Hutschn-Br\u00e4u-Bier-Anlage-768x373.jpg 768w, https:\/\/drehdichringelspiel.at\/drehdichringelspiel\/wp-content\/uploads\/2020\/07\/Hutschn-Br\u00e4u-Bier-Anlage-370x180.jpg 370w, https:\/\/drehdichringelspiel.at\/drehdichringelspiel\/wp-content\/uploads\/2020\/07\/Hutschn-Br\u00e4u-Bier-Anlage-760x369.jpg 760w, https:\/\/drehdichringelspiel.at\/drehdichringelspiel\/wp-content\/uploads\/2020\/07\/Hutschn-Br\u00e4u-Bier-Anlage-600x292.jpg 600w\" sizes=\"(max-width: 1200px) 100vw, 1200px\" \/>\t\t\t\t\t\t<\/div>\n\t\t\t\t\t\t\t\t\t\t\t\t\t<div class=\"premium-blog-thumbnail-overlay\">\n\t\t\t\t\t\t\t\t<a class=\"elementor-icon\" href=\"https:\/\/drehdichringelspiel.at\/drehdichringelspiel\/hutschn-braeu\/\" target=\"_self\"><\/a>\n\t\t\t\t\t\t\t<\/div>\n\n\t\t\t\t\t\t\t\t\t\t\t\t\t\t\t\t\t\t<\/div>\n\t\t\t\t\t\t\t\t\t\t\t\t<div class=\"premium-blog-content-wrapper \">\n\n\t\t\t\t\t<div class=\"premium-blog-inner-container\">\n\n\t\t\t\t\t\t\t\t\t\t\t\t\t\t<h2 class=\"premium-blog-entry-title\">\n\t\t\t<a href=\"https:\/\/drehdichringelspiel.at\/drehdichringelspiel\/hutschn-braeu\/\" target=\"_self\">\n\t\t\t\tHutschn Br\u00e4u: Neuer\u00f6ffnung 2021\t\t\t<\/a>\n\t\t<\/h2>\n\t\t\t\t<div class=\"premium-blog-entry-meta\">\n\t\t\t\n\t\t\t\n\t\t\t\t\t\t\t<span class=\"premium-blog-meta-separator\">\u2022<\/span>\n\t\t\t\t<div class=\"premium-blog-post-categories premium-blog-meta-data\">\n\t\t\t\t\t<i class=\"fa fa-align-left fa-fw\" aria-hidden=\"true\"><\/i>\n\t\t\t\t\t<a href=\"https:\/\/drehdichringelspiel.at\/drehdichringelspiel\/category\/news\/\" rel=\"category tag\">News<\/a>\t\t\t\t<\/div>\n\t\t\t\n\t\t\t\t\t<\/div>\n\t\t\n\t\t\t\t\t<\/div>\n\n\t\t\t\t\t\t\t<div class=\"premium-blog-content-inner-wrapper\">\n\t\t<p class=\"premium-blog-post-content\">Das Hutschn Br\u00e4u &#8230; im PARK HRABALEK im B\u00f6hmischen Prater Wir lieben den b\u00f6hmischen Prater und seine Geschichte. Umgeben von der Natur \u2026<\/p>\t\t<\/div>\n\t\t\t\t\t\t\t\n\t\t\t\t<\/div>\n\t\t\t<\/div>\n\t\t<\/div>\n\n\t\t\t\t\t\t\t<\/div>\n\n\t\t\n\t\t\n\t\t\t\t<\/div>\n\t\t\t\t<\/div>\n\t\t\t\t\t<\/div>\n\t\t<\/div>\n\t\t\t\t\t\t\t<\/div>\n\t\t<\/section>\n\t\t\t\t\t\t\t<\/div>\n\t\t","protected":false},"excerpt":{"rendered":"<p>Hutschn Br\u00e4u: Neuer\u00f6ffnung am 02.Okt.2020 | News Das Hutschn Br\u00e4u &#8230; im PARK HRABALEK im B\u00f6hmischen Prater Wir lieben den b\u00f6hmischen Prater und seine Geschichte. Umgeben von der Natur des Laaer Waldes entsteht unser Traum von einem Wirtshaus, dass eine&hellip;<\/p>\n","protected":false},"author":1,"featured_media":0,"parent":0,"menu_order":0,"comment_status":"closed","ping_status":"closed","template":"","meta":[],"_links":{"self":[{"href":"https:\/\/drehdichringelspiel.at\/drehdichringelspiel\/wp-json\/wp\/v2\/pages\/2401"}],"collection":[{"href":"https:\/\/drehdichringelspiel.at\/drehdichringelspiel\/wp-json\/wp\/v2\/pages"}],"about":[{"href":"https:\/\/drehdichringelspiel.at\/drehdichringelspiel\/wp-json\/wp\/v2\/types\/page"}],"author":[{"embeddable":true,"href":"https:\/\/drehdichringelspiel.at\/drehdichringelspiel\/wp-json\/wp\/v2\/users\/1"}],"replies":[{"embeddable":true,"href":"https:\/\/drehdichringelspiel.at\/drehdichringelspiel\/wp-json\/wp\/v2\/comments?post=2401"}],"version-history":[{"count":5,"href":"https:\/\/drehdichringelspiel.at\/drehdichringelspiel\/wp-json\/wp\/v2\/pages\/2401\/revisions"}],"predecessor-version":[{"id":2460,"href":"https:\/\/drehdichringelspiel.at\/drehdichringelspiel\/wp-json\/wp\/v2\/pages\/2401\/revisions\/2460"}],"wp:attachment":[{"href":"https:\/\/drehdichringelspiel.at\/drehdichringelspiel\/wp-json\/wp\/v2\/media?parent=2401"}],"curies":[{"name":"wp","href":"https:\/\/api.w.org\/{rel}","templated":true}]}}