{"id":2349,"date":"2020-06-29T12:47:34","date_gmt":"2020-06-29T12:47:34","guid":{"rendered":"https:\/\/drehdichringelspiel.at\/drehdichringelspiel\/?page_id=2349"},"modified":"2020-06-29T13:06:23","modified_gmt":"2020-06-29T13:06:23","slug":"unser-shop-ist-offline","status":"publish","type":"page","link":"https:\/\/drehdichringelspiel.at\/drehdichringelspiel\/unser-shop-ist-offline\/","title":{"rendered":"Unser Shop ist offline"},"content":{"rendered":"\t\t<div data-elementor-type=\"wp-page\" data-elementor-id=\"2349\" class=\"elementor elementor-2349\">\n\t\t\t\t\t\t\t\t\t<section class=\"elementor-section elementor-top-section elementor-element elementor-element-36fe62b3 elementor-section-boxed elementor-section-height-default elementor-section-height-default\" data-id=\"36fe62b3\" data-element_type=\"section\">\n\t\t\t\t\t\t<div class=\"elementor-container elementor-column-gap-extended\">\n\t\t\t\t\t<div class=\"elementor-column elementor-col-100 elementor-top-column elementor-element elementor-element-62caa85e sc_inner_width_none sc_layouts_column_icons_position_left\" data-id=\"62caa85e\" data-element_type=\"column\">\n\t\t\t<div class=\"elementor-widget-wrap elementor-element-populated\">\n\t\t\t\t\t\t\t\t<div class=\"elementor-element elementor-element-37cad2d premium-lottie-svg sc_fly_static elementor-widget elementor-widget-premium-lottie\" data-id=\"37cad2d\" data-element_type=\"widget\" data-widget_type=\"premium-lottie.default\">\n\t\t\t\t<div class=\"elementor-widget-container\">\n\t\t\t\n\t\t<div class=\"premium-lottie-animation\" data-lottie-url=\"https:\/\/assets9.lottiefiles.com\/packages\/lf20_znCQsa.json\" data-lottie-loop=\"true\" data-lottie-reverse=\"\" data-lottie-hover=\"\" data-lottie-speed=\"1\" data-lottie-render=\"svg\" data-lottie-delay=\"\">\n\t\t\t\t\t<\/div>\n\n\t\t\t\t<\/div>\n\t\t\t\t<\/div>\n\t\t\t\t<div class=\"elementor-element elementor-element-1256277a sc_fly_static elementor-widget elementor-widget-text-editor\" data-id=\"1256277a\" data-element_type=\"widget\" data-widget_type=\"text-editor.default\">\n\t\t\t\t<div class=\"elementor-widget-container\">\n\t\t\t\t\t\t\t<!-- wp:paragraph -->\n<p>Lieber Besucher!<\/p>\n<p>Zurzeit arbeiten wir an unserem neuen Online Shop. Deshalb ist dieser leider vor\u00fcbergehend geschlossen. Bitte besuchen sie uns zu einem anderen Zeitpunkt noch einmal.<\/p>\n<p>Vielen Dank f\u00fcr Ihr Verst\u00e4ndnis<\/p>\n<p>Park Hrabalek<\/p>\n<!-- \/wp:paragraph --><!-- wp:paragraph -->\n<p>\u00a0<\/p>\n<!-- \/wp:paragraph -->\t\t\t\t\t\t<\/div>\n\t\t\t\t<\/div>\n\t\t\t\t\t<\/div>\n\t\t<\/div>\n\t\t\t\t\t\t\t<\/div>\n\t\t<\/section>\n\t\t\t\t\t\t\t<\/div>\n\t\t","protected":false},"excerpt":{"rendered":"<p>Lieber Besucher! Zurzeit arbeiten wir an unserem neuen Online Shop. Deshalb ist dieser leider vor\u00fcbergehend geschlossen. Bitte besuchen sie uns zu einem anderen Zeitpunkt noch einmal. Vielen Dank f\u00fcr Ihr Verst\u00e4ndnis Park Hrabalek \u00a0<\/p>\n","protected":false},"author":1,"featured_media":0,"parent":0,"menu_order":0,"comment_status":"closed","ping_status":"closed","template":"","meta":[],"_links":{"self":[{"href":"https:\/\/drehdichringelspiel.at\/drehdichringelspiel\/wp-json\/wp\/v2\/pages\/2349"}],"collection":[{"href":"https:\/\/drehdichringelspiel.at\/drehdichringelspiel\/wp-json\/wp\/v2\/pages"}],"about":[{"href":"https:\/\/drehdichringelspiel.at\/drehdichringelspiel\/wp-json\/wp\/v2\/types\/page"}],"author":[{"embeddable":true,"href":"https:\/\/drehdichringelspiel.at\/drehdichringelspiel\/wp-json\/wp\/v2\/users\/1"}],"replies":[{"embeddable":true,"href":"https:\/\/drehdichringelspiel.at\/drehdichringelspiel\/wp-json\/wp\/v2\/comments?post=2349"}],"version-history":[{"count":4,"href":"https:\/\/drehdichringelspiel.at\/drehdichringelspiel\/wp-json\/wp\/v2\/pages\/2349\/revisions"}],"predecessor-version":[{"id":2354,"href":"https:\/\/drehdichringelspiel.at\/drehdichringelspiel\/wp-json\/wp\/v2\/pages\/2349\/revisions\/2354"}],"wp:attachment":[{"href":"https:\/\/drehdichringelspiel.at\/drehdichringelspiel\/wp-json\/wp\/v2\/media?parent=2349"}],"curies":[{"name":"wp","href":"https:\/\/api.w.org\/{rel}","templated":true}]}}